{"id":768,"date":"2024-03-26T13:43:21","date_gmt":"2024-03-26T12:43:21","guid":{"rendered":"https:\/\/unterwegguetl.com\/credits\/"},"modified":"2024-11-20T19:33:17","modified_gmt":"2024-11-20T18:33:17","slug":"credits","status":"publish","type":"page","link":"https:\/\/unterwegguetl.com\/it\/credits\/","title":{"rendered":"Credits"},"content":{"rendered":"<p>[et_pb_section fb_built=&#8221;1&#8243; admin_label=&#8221;section&#8221; _builder_version=&#8221;4.16&#8243; global_colors_info=&#8221;{}&#8221;][et_pb_row admin_label=&#8221;row&#8221; _builder_version=&#8221;4.16&#8243; background_size=&#8221;initial&#8221; background_position=&#8221;top_left&#8221; background_repeat=&#8221;repeat&#8221; global_colors_info=&#8221;{}&#8221;][et_pb_column type=&#8221;4_4&#8243; _builder_version=&#8221;4.16&#8243; custom_padding=&#8221;|||&#8221; global_colors_info=&#8221;{}&#8221; custom_padding__hover=&#8221;|||&#8221;][et_pb_cta title=&#8221;Committente e responsabile per i contenuti:&#8221; button_url=&#8221;#&#8221; _builder_version=&#8221;4.24.3&#8243; header_font=&#8221;||||||||&#8221; header_text_color=&#8221;#323230&#8243; header_font_size=&#8221;25px&#8221; body_font=&#8221;||||||||&#8221; body_text_color=&#8221;#323230&#8243; body_line_height=&#8221;1.8em&#8221; body_link_text_color=&#8221;#ba4d56&#8243; background_enable_color=&#8221;off&#8221; custom_button=&#8221;on&#8221; button_text_color=&#8221;#ffffff&#8221; button_bg_color=&#8221;#00aaff&#8221; button_border_width=&#8221;5px&#8221; button_border_color=&#8221;rgba(0,0,0,0)&#8221; button_border_radius=&#8221;0px&#8221; button_font=&#8221;Squada One|||on|||||&#8221; text_orientation=&#8221;left&#8221; background_layout=&#8221;light&#8221; header_font_size_tablet=&#8221;15px&#8221; header_font_size_phone=&#8221;13px&#8221; header_font_size_last_edited=&#8221;on|desktop&#8221; body_font_size_tablet=&#8221;&#8221; body_font_size_phone=&#8221;10px&#8221; body_font_size_last_edited=&#8221;on|tablet&#8221; border_color_all=&#8221;#0c4883&#8243; box_shadow_style=&#8221;preset1&#8243; box_shadow_blur=&#8221;100px&#8221; box_shadow_color=&#8221;rgba(0,0,0,0.1)&#8221; button_border_radius_hover=&#8221;0px&#8221; global_colors_info=&#8221;{}&#8221; button_text_size__hover_enabled=&#8221;off&#8221; button_one_text_size__hover_enabled=&#8221;off&#8221; button_two_text_size__hover_enabled=&#8221;off&#8221; button_text_color__hover_enabled=&#8221;off&#8221; button_one_text_color__hover_enabled=&#8221;off&#8221; button_two_text_color__hover_enabled=&#8221;off&#8221; button_border_width__hover_enabled=&#8221;off&#8221; button_one_border_width__hover_enabled=&#8221;off&#8221; button_two_border_width__hover_enabled=&#8221;off&#8221; button_border_color__hover_enabled=&#8221;off&#8221; button_one_border_color__hover_enabled=&#8221;off&#8221; button_two_border_color__hover_enabled=&#8221;off&#8221; button_border_radius__hover_enabled=&#8221;on&#8221; button_border_radius__hover=&#8221;0px&#8221; button_one_border_radius__hover_enabled=&#8221;off&#8221; button_two_border_radius__hover_enabled=&#8221;off&#8221; button_letter_spacing__hover_enabled=&#8221;off&#8221; button_one_letter_spacing__hover_enabled=&#8221;off&#8221; button_two_letter_spacing__hover_enabled=&#8221;off&#8221; button_bg_color__hover_enabled=&#8221;off&#8221; button_one_bg_color__hover_enabled=&#8221;off&#8221; button_two_bg_color__hover_enabled=&#8221;off&#8221;]<\/p>\n<p>Stefan Pichler<\/p>\n<p>Auenweg 6\/b<\/p>\n<p>39020 Castelbello &#8211; Ciardes (BZ)<\/p>\n<p>&nbsp;<\/p>\n<p>E-Mail: <a href=\"mailto:info@unterwegguetl.com\">info@unterwegguetl.com<\/a><\/p>\n<p>PEC: <a href=\"mailto:pichler.stefan@pecconfesercentibz.it\">pichler.stefan@pecconfesercentibz.it<\/a><\/p>\n<p>Cod.fisc.: PCHSFN87D28F132D<\/p>\n<p>P.iva.: 03103450213<\/p>\n<p>Codice destinatario: M5UXCR1<\/p>\n<p>&nbsp;<\/p>\n<p><span>CIN: IT021056A1UUBCJ8NQ<\/span><\/p>\n<p>[\/et_pb_cta][et_pb_cta title=&#8221;Concezione, design e programmazione:&#8221; button_url=&#8221;https:\/\/kurismedia.com&#8221; button_text=&#8221;Contatto&#8221; _builder_version=&#8221;4.24.3&#8243; header_font=&#8221;||||||||&#8221; header_text_color=&#8221;#323230&#8243; header_font_size=&#8221;25px&#8221; body_font=&#8221;||||||||&#8221; body_text_color=&#8221;#323230&#8243; body_line_height=&#8221;1.8em&#8221; background_enable_color=&#8221;off&#8221; custom_button=&#8221;on&#8221; button_text_color=&#8221;#ffffff&#8221; button_bg_color=&#8221;#323230&#8243; button_border_width=&#8221;5px&#8221; button_border_color=&#8221;rgba(0,0,0,0)&#8221; button_border_radius=&#8221;0px&#8221; button_font=&#8221;Squada One|||on|||||&#8221; text_orientation=&#8221;left&#8221; background_layout=&#8221;light&#8221; header_font_size_tablet=&#8221;15px&#8221; header_font_size_phone=&#8221;13px&#8221; header_font_size_last_edited=&#8221;on|phone&#8221; body_font_size_tablet=&#8221;&#8221; body_font_size_phone=&#8221;10px&#8221; body_font_size_last_edited=&#8221;on|tablet&#8221; border_color_all=&#8221;#0c4883&#8243; box_shadow_style=&#8221;preset1&#8243; box_shadow_blur=&#8221;100px&#8221; box_shadow_color=&#8221;rgba(0,0,0,0.1)&#8221; button_border_radius_hover=&#8221;0px&#8221; global_colors_info=&#8221;{}&#8221; button_text_size__hover_enabled=&#8221;off&#8221; button_one_text_size__hover_enabled=&#8221;off&#8221; button_two_text_size__hover_enabled=&#8221;off&#8221; button_text_color__hover_enabled=&#8221;off&#8221; button_one_text_color__hover_enabled=&#8221;off&#8221; button_two_text_color__hover_enabled=&#8221;off&#8221; button_border_width__hover_enabled=&#8221;off&#8221; button_one_border_width__hover_enabled=&#8221;off&#8221; button_two_border_width__hover_enabled=&#8221;off&#8221; button_border_color__hover_enabled=&#8221;off&#8221; button_one_border_color__hover_enabled=&#8221;off&#8221; button_two_border_color__hover_enabled=&#8221;off&#8221; button_border_radius__hover_enabled=&#8221;on&#8221; button_border_radius__hover=&#8221;0px&#8221; button_one_border_radius__hover_enabled=&#8221;off&#8221; button_two_border_radius__hover_enabled=&#8221;off&#8221; button_letter_spacing__hover_enabled=&#8221;off&#8221; button_one_letter_spacing__hover_enabled=&#8221;off&#8221; button_two_letter_spacing__hover_enabled=&#8221;off&#8221; button_bg_color__hover_enabled=&#8221;off&#8221; button_one_bg_color__hover_enabled=&#8221;off&#8221; button_two_bg_color__hover_enabled=&#8221;off&#8221;]<\/p>\n<p class=\"et_pb_module_header\"><strong>kurisMEDiA des Raffeiner Kurt<\/strong><\/p>\n<p>[\/et_pb_cta][et_pb_accordion _builder_version=&#8221;4.24.3&#8243; _module_preset=&#8221;default&#8221; global_colors_info=&#8221;{}&#8221;][et_pb_accordion_item title=&#8221;1. Contenuto&#8221; _builder_version=&#8221;4.16&#8243; _module_preset=&#8221;default&#8221; global_colors_info=&#8221;{}&#8221; open=&#8221;on&#8221;]<\/p>\n<p>I contenuti e le informazioni presenti su questo sito Web sono stati da noi accuratamente controllati. Ci\u00f2 nonostante, non ci assumiamo alcuna responsabilit\u00e0 n\u00e9 forniamo garanzie circa la loro esattezza e completezza. Ci riserviamo il diritto di aggiornare, modificare o integrare senza preavviso le informazioni messe a disposizione.<\/p>\n<p>[\/et_pb_accordion_item][et_pb_accordion_item title=&#8221;2. Rimandi e link&#8221; _builder_version=&#8221;4.16&#8243; _module_preset=&#8221;default&#8221; global_colors_info=&#8221;{}&#8221; open=&#8221;off&#8221;]<\/p>\n<p>Non ci assumiamo alcuna responsabilit\u00e0 per i contenuti dei link esterni. La responsabilit\u00e0 per il contenuto delle pagine visitabili tramite i link \u00e8 esclusivamente dei gestori delle pagine.<\/p>\n<p>[\/et_pb_accordion_item][et_pb_accordion_item title=&#8221;3. Copyright (diritto d&#039;autore e dei segni distintivi)&#8221; _builder_version=&#8221;4.16&#8243; _module_preset=&#8221;default&#8221; global_colors_info=&#8221;{}&#8221; open=&#8221;off&#8221;]<\/p>\n<p>Il contenuto di questo sito Web \u00e8 protetto da copyright e non pu\u00f2 essere riprodotto o utilizzato in altre pubblicazioni stampate o elettroniche senza la nostra espressa autorizzazione<\/p>\n<p>[\/et_pb_accordion_item][et_pb_accordion_item title=&#8221;4. SSL- codifica&#8221; _builder_version=&#8221;4.16&#8243; _module_preset=&#8221;default&#8221; global_colors_info=&#8221;{}&#8221; open=&#8221;off&#8221;]<\/p>\n<p>Questo sito utilizza la crittografia SSL per motivi di sicurezza e per la protezione della trasmissione di contenuti riservati, come le richieste inviate a noi come operatore del sito. Una connessione crittografata indica che la linea di indirizzo del browser cambia da \u201chttp\u201d a \u201chttps\u201d e dall\u2019icona di blocco nella linea del browser.<br \/>Se la crittografia SSL \u00e8 attivata, i dati che ci trasferiscono non possono essere letti da terzi.<\/p>\n<p>[\/et_pb_accordion_item][et_pb_accordion_item title=&#8221;5. Validit\u00e0 giuridica&#8221; _builder_version=&#8221;4.16&#8243; _module_preset=&#8221;default&#8221; global_colors_info=&#8221;{}&#8221; open=&#8221;off&#8221;]<\/p>\n<p>Qualora parti o singole formulazioni del presente testo non corrispondano, non corrispondano pi\u00f9 o non corrispondano integralmente alla vigente situazione giuridica, restano comunque immutati il contenuto e la validit\u00e0 delle altre parti del documento. Dall\u2019uso del sito Web non deriva alcun diritto n\u00e9 alcun contratto. Le controversie giuridiche sono risolte presso il Tribunale per noi competente.<\/p>\n<p>[\/et_pb_accordion_item][et_pb_accordion_item title=&#8221;6. YouTube&#8221; _builder_version=&#8221;4.16&#8243; _module_preset=&#8221;default&#8221; global_colors_info=&#8221;{}&#8221; open=&#8221;off&#8221;]<\/p>\n<p>Servizio di NotificaComprendiamo i video del servizio &#8220;YouTube&#8221; del provider Google LLC, 1600 Amphitheatre Parkway, Mountain View, CA 94043, USA Non appena si accede alla pagina di questa homepage dotata di un video di YouTube e si inizia a giocare, viene stabilita una connessione ai server di YouTube. Questo indica al server di YouTube quale pagina specifica di questo sito web \u00e8 stata visitata. Se hai effettuato il login, il tuo comportamento di navigazione sar\u00e0 assegnato al tuo profilo personale.<\/p>\n<p>\u00c8 possibile disattivare questa opzione se prima si effettua il logout da YouTube. Per ulteriori informazioni sulla raccolta e l&#8217;utilizzo dei tuoi dati da parte di YouTube, consulta la loro politica sulla privacy all&#8217;indirizzo <a href=\"http:\/\/www.youtube.com\">www.youtube.com<\/a>.<\/p>\n<p>Per ulteriori informazioni sulle pratiche sulla privacy di YouTube, consultare l&#8217;informativa sulla privacy del fornitore all&#8217;indirizzo <a href=\"https:\/\/www.google.de\/intl\/de\/policies\/privacy\">https:\/\/www.google.de\/intl\/de\/policies\/privacy<\/a><\/p>\n<p>[\/et_pb_accordion_item][et_pb_accordion_item title=&#8221;7. Google Maps&#8221; _builder_version=&#8221;4.16&#8243; _module_preset=&#8221;default&#8221; global_colors_info=&#8221;{}&#8221; open=&#8221;off&#8221;]<\/p>\n<p>Integriamo le mappe del servizio \u201cGoogle Maps\u201d del fornitore Google LLC, 1600 Amphitheatre Parkway, Mountain View, CA 94043, USA. Tra i dati trattati possono rientrare in particolare gli indirizzi IP e i dati di posizione degli utenti, questi tuttavia non vengono acquisiti senza il loro consenso (di norma nell\u2019ambito delle impostazioni dei loro apparecchi mobili). I dati possono essere trattati negli USA.<\/p>\n<p>Informativa sulla privacy:\u00a0<a href=\"https:\/\/www.google.com\/policies\/privacy\/\">https:\/\/www.google.com\/policies\/privacy\/<\/a>, Opt-Out:\u00a0<a href=\"https:\/\/adssettings.google.com\/authenticated\">https:\/\/adssettings.google.com\/authenticated<\/a><\/p>\n<p>[\/et_pb_accordion_item][et_pb_accordion_item title=&#8221;8. Google Fonts&#8221; _builder_version=&#8221;4.16&#8243; _module_preset=&#8221;default&#8221; global_colors_info=&#8221;{}&#8221; open=&#8221;off&#8221;]<\/p>\n<p>Integriamo i font (\u201cGoogle Fonts\u201d) del provider Google LLC, 1600 Amphitheatre Parkway, Mountain View, CA 94043, USA. Informativa sulla privacy:\u00a0<a href=\"https:\/\/www.google.com\/policies\/privacy\/\">https:\/\/www.google.com\/policies\/privacy\/<\/a>, Opt-Out:\u00a0<a href=\"https:\/\/adssettings.google.com\/authenticated\">https:\/\/adssettings.google.com\/authenticated<\/a><\/p>\n<p>[\/et_pb_accordion_item][et_pb_accordion_item title=&#8221;9. Video, musica &amp; immagini&#8221; _builder_version=&#8221;4.16&#8243; _module_preset=&#8221;default&#8221; global_colors_info=&#8221;{}&#8221; open=&#8221;off&#8221;]<\/p>\n<p><span>\u00a9 kurisMEDiA des Raffeiner Kurt, Garni Unterwegg\u00fctl<\/span><\/p>\n<p>[\/et_pb_accordion_item][et_pb_accordion_item title=&#8221;10. Risoluzione delle controversie online (ODR)&#8221; _builder_version=&#8221;4.16&#8243; _module_preset=&#8221;default&#8221; global_colors_info=&#8221;{}&#8221; open=&#8221;off&#8221;]<\/p>\n<p>Informazione obbligatoria ai sensi del Regolamento UE n. 524\/2016 del Parlamento europeo e del Consiglio Piattaforma per la risoluzione delle controversie online dei consumatori (ODR) della Commissione europea:\u00a0<a href=\"https:\/\/www.ec.europa.eu\/consumers\/odr\">https:\/\/www.ec.europa.eu\/consumers\/odr<\/a><\/p>\n<p>[\/et_pb_accordion_item][\/et_pb_accordion][\/et_pb_column][\/et_pb_row][\/et_pb_section]<\/p>\n","protected":false},"excerpt":{"rendered":"<p>Stefan Pichler Auenweg 6\/b 39020 Castelbello &#8211; Ciardes (BZ) &nbsp; E-Mail: info@unterwegguetl.com PEC: pichler.stefan@pecconfesercentibz.it Cod.fisc.: PCHSFN87D28F132D P.iva.: 03103450213 Codice destinatario: M5UXCR1 &nbsp; CIN: IT021056A1UUBCJ8NQkurisMEDiA des Raffeiner KurtI contenuti e le informazioni presenti su questo sito Web sono stati da noi accuratamente controllati. Ci\u00f2 nonostante, non ci assumiamo alcuna responsabilit\u00e0 n\u00e9 forniamo garanzie circa la loro [&hellip;]<\/p>\n","protected":false},"author":2,"featured_media":0,"parent":0,"menu_order":0,"comment_status":"closed","ping_status":"closed","template":"","meta":{"_et_pb_use_builder":"on","_et_pb_old_content":"","_et_gb_content_width":"","footnotes":""},"difl_page_category":[],"class_list":["post-768","page","type-page","status-publish","hentry"],"_links":{"self":[{"href":"https:\/\/unterwegguetl.com\/it\/wp-json\/wp\/v2\/pages\/768","targetHints":{"allow":["GET"]}}],"collection":[{"href":"https:\/\/unterwegguetl.com\/it\/wp-json\/wp\/v2\/pages"}],"about":[{"href":"https:\/\/unterwegguetl.com\/it\/wp-json\/wp\/v2\/types\/page"}],"author":[{"embeddable":true,"href":"https:\/\/unterwegguetl.com\/it\/wp-json\/wp\/v2\/users\/2"}],"replies":[{"embeddable":true,"href":"https:\/\/unterwegguetl.com\/it\/wp-json\/wp\/v2\/comments?post=768"}],"version-history":[{"count":7,"href":"https:\/\/unterwegguetl.com\/it\/wp-json\/wp\/v2\/pages\/768\/revisions"}],"predecessor-version":[{"id":830,"href":"https:\/\/unterwegguetl.com\/it\/wp-json\/wp\/v2\/pages\/768\/revisions\/830"}],"wp:attachment":[{"href":"https:\/\/unterwegguetl.com\/it\/wp-json\/wp\/v2\/media?parent=768"}],"wp:term":[{"taxonomy":"difl_page_category","embeddable":true,"href":"https:\/\/unterwegguetl.com\/it\/wp-json\/wp\/v2\/difl_page_category?post=768"}],"curies":[{"name":"wp","href":"https:\/\/api.w.org\/{rel}","templated":true}]}}